{"id":10,"date":"2016-08-08T03:19:24","date_gmt":"2016-08-08T09:19:24","guid":{"rendered":"https:\/\/www.ideaula.com\/?page_id=10"},"modified":"2025-09-10T15:42:53","modified_gmt":"2025-09-10T21:42:53","slug":"home","status":"publish","type":"page","link":"https:\/\/www.ideaula.com\/en\/","title":{"rendered":"Inicio (Ok)"},"content":{"rendered":"<p>[vc_row full_width=&#8221;stretch_row_content_no_spaces&#8221; full_height=&#8221;yes&#8221; css=&#8221;.vc_custom_1755903173192{padding-top: 250px !important;padding-bottom: 250px !important;background-image: url(https:\/\/www.ideaula.com\/wp-content\/uploads\/2020\/07\/ID-Consulting.jpg?id=12440) !important;background-position: center !important;background-repeat: no-repeat !important;background-size: cover !important;}&#8221; el_class=&#8221;hero&#8221;][vc_column width=&#8221;1\/3&#8243; offset=&#8221;vc_hidden-xs&#8221; css=&#8221;.vc_custom_1619737703661{background-position: center !important;background-repeat: no-repeat !important;background-size: cover !important;}&#8221;][vc_single_image image=&#8221;12515&#8243; img_size=&#8221;full&#8221; onclick=&#8221;custom_link&#8221; img_link_target=&#8221;_blank&#8221; css_animation=&#8221;slideInLeft&#8221; link=&#8221;https:\/\/lms.ideaula.com\/&#8221; css=&#8221;.vc_custom_1755724791639{margin-top: 0px !important;background-position: center !important;background-repeat: no-repeat !important;background-size: contain !important;}&#8221;][\/vc_column][vc_column width=&#8221;1\/3&#8243;][\/vc_column][vc_column width=&#8221;1\/3&#8243;][\/vc_column][\/vc_row][vc_row][vc_column][vc_column_text]<\/p>\n<h2 style=\"text-align: center;\">NUESTROS SERVICIOS<\/h2>\n<p>[\/vc_column_text][\/vc_column][\/vc_row][vc_row gap=&#8221;5&#8243; equal_height=&#8221;yes&#8221; rtl_reverse=&#8221;yes&#8221; content_placement=&#8221;top&#8221; parallax=&#8221;content-moving&#8221; background_position=&#8221;center center&#8221; css=&#8221;.vc_custom_1619739940104{margin-bottom: 10px !important;background-position: center;background-repeat: no-repeat;background-size: contain !important;}&#8221;][vc_column width=&#8221;1\/4&#8243; background_position=&#8221;center center&#8221; offset=&#8221;vc_col-md-offset-0 vc_col-md-3 vc_col-sm-offset-0 vc_col-xs-12&#8243; css=&#8221;.vc_custom_1619739983933{margin-bottom: 10px !important;background-position: center !important;background-repeat: no-repeat !important;background-size: cover !important;}&#8221;][mvc_flip_box height=&#8221;&#8221; link_st=&#8221;custom_link&#8221; size=&#8221;16&#8243; descrsize=&#8221;12&#8243; url=&#8221;url:https%3A%2F%2Fwww.ideaula.com%2Fservicios%2F||target:%20_blank|&#8221; image_id=&#8221;12544&#8243; title=&#8221;Organizaci\u00f3n y gesti\u00f3n de eventos educativos&#8221; image_size=&#8221;150&#8243;]<\/p>\n<h4 style=\"text-align: center;\">Planificaci\u00f3n, organizaci\u00f3n y sistematizaci\u00f3n de foros virtuales y webinars<\/h4>\n<p style=\"text-align: center;\"><a href=\"https:\/\/www.ideaula.com\/servicios-2\/\" target=\"_blank\" rel=\"noopener\">Conoce m\u00e1s&#8230;<\/a><\/p>\n<p>[\/mvc_flip_box][\/vc_column][vc_column width=&#8221;1\/4&#8243; css=&#8221;.vc_custom_1619739992129{margin-bottom: 10px !important;background-position: center !important;background-repeat: no-repeat !important;background-size: cover !important;}&#8221;][mvc_flip_box height=&#8221;&#8221; link_st=&#8221;custom_link&#8221; size=&#8221;16&#8243; descrsize=&#8221;12&#8243; url=&#8221;url:https%3A%2F%2Fwww.ideaula.com%2Fservicios%2F||target:%20_blank|&#8221; image_id=&#8221;12545&#8243; title=&#8221;Producci\u00f3n audiovisual y virtualizaci\u00f3n de contenidos&#8221; image_size=&#8221;150&#8243;]<\/p>\n<h4 style=\"text-align: center;\">Creaci\u00f3n de materiales audiovisuales y contenidos interactivos para facilitar el aprendizaje.<\/h4>\n<p style=\"text-align: center;\"><a href=\"https:\/\/www.ideaula.com\/servicios-2\/\" target=\"_blank\" rel=\"noopener\">Conoce m\u00e1s&#8230;<\/a><\/p>\n<p>[\/mvc_flip_box][\/vc_column][vc_column width=&#8221;1\/4&#8243; css=&#8221;.vc_custom_1619740015113{margin-bottom: 10px !important;background-position: center !important;background-repeat: no-repeat !important;background-size: cover !important;}&#8221;][mvc_flip_box height=&#8221;&#8221; link_st=&#8221;custom_link&#8221; size=&#8221;16&#8243; descrsize=&#8221;12&#8243; url=&#8221;url:https%3A%2F%2Fwww.ideaula.com%2Fservicios%2F||target:%20_blank|&#8221; image_id=&#8221;12539&#8243; title=&#8221;Soluciones LMS&#8221; image_size=&#8221;150&#8243;]<\/p>\n<h4 style=\"text-align: center;\">Instalaci\u00f3n, mantenimiento, administraci\u00f3n y capacitaci\u00f3n en plataformas elearning.<\/h4>\n<p style=\"text-align: center;\"><a href=\"https:\/\/www.ideaula.com\/servicios-2\/\" target=\"_blank\" rel=\"noopener\">Conoce m\u00e1s&#8230;<\/a><\/p>\n<p>[\/mvc_flip_box][\/vc_column][vc_column width=&#8221;1\/4&#8243; css=&#8221;.vc_custom_1619740028495{margin-bottom: 10px !important;background-position: center !important;background-repeat: no-repeat !important;background-size: cover !important;}&#8221;][mvc_flip_box height=&#8221;&#8221; link_st=&#8221;custom_link&#8221; size=&#8221;16&#8243; descrsize=&#8221;14&#8243; url=&#8221;url:https%3A%2F%2Fwww.ideaula.com%2Fservicios%2F||target:%20_blank|&#8221; image_id=&#8221;12541&#8243; title=&#8221;Dise\u00f1o Instruccional&#8221; image_size=&#8221;150&#8243;]<\/p>\n<h4 style=\"text-align: center;\">Dise\u00f1o de planes formativos para instituciones y empresas.<\/h4>\n<p style=\"text-align: center;\"><a href=\"https:\/\/www.ideaula.com\/servicios-2\/\" target=\"_blank\" rel=\"noopener\">Conoce m\u00e1s&#8230;<\/a><\/p>\n<p>[\/mvc_flip_box][\/vc_column][\/vc_row][vc_row full_width=&#8221;stretch_row_content&#8221; css=&#8221;.vc_custom_1747847310359{margin-top: 50px !important;padding-top: 30px !important;padding-bottom: 30px !important;background-color: #f2fafe !important;}&#8221; el_class=&#8221;books&#8221;][vc_column][vc_column_text]<\/p>\n<h2 style=\"text-align: center;\">CURSOS DISPONIBLES<\/h2>\n<p>[\/vc_column_text][\/vc_column][\/vc_row][vc_row][vc_column]<div class=\"woocommerce columns-3 \">\t<div class=\"products row inline-row columns-3\">\r\n<div class=\"inline-column col-sm-4 col-xs-6 first product type-product post-24768 status-publish instock product_cat-litigacion has-post-thumbnail featured virtual purchasable product-type-simple\">\n\n\t<div class=\"product-inner centered-box\">\n\n\t\t\n\t\t<a href=\"https:\/\/www.ideaula.com\/en\/producto\/curso-de-ligacion-oral\/\" class=\"product-image\">\n\t\t\t<div class=\"product-labels\"><span class=\"new-label title-h6\">New<\/span><\/div>\n\t\t\t<span class=\"product-image-inner\"><img fetchpriority=\"high\" width=\"522\" height=\"652\" src=\"https:\/\/www.ideaula.com\/wp-content\/uploads\/2025\/09\/Copia-de-Flyer-servicio-para-negocios-profesional-geometrico-amarillo-210-x-210-mm-thegem-product-catalog.png\" class=\"attachment-thegem-product-catalog\" alt=\"Diplomado de actualizaci\u00f3n de destrezas de litigaci\u00f3n oral\" \/><span class=\"woo-product-overlay\"><\/span><\/span>\n\t\t<\/a>\n\n\t\t<div class=\"product-info clearfix\">\n\t\t\t<div class=\"product-rating product-rating-empty\"><div class=\"empty-rating\"><\/div><\/div>\t\t\t<div class=\"product-title title-h6\"><a href=\"https:\/\/www.ideaula.com\/en\/producto\/curso-de-ligacion-oral\/\">Diplomado de actualizaci\u00f3n de destrezas de litigaci\u00f3n oral<\/a><\/div>\n\t\t\t\n\t<div class=\"product-price\"><span class=\"price\"><span class=\"woocommerce-Price-amount amount\"><bdi><span class=\"woocommerce-Price-currencySymbol\">&#36;<\/span>&nbsp;375.00<\/bdi><\/span><\/span><\/div>\n\t\t<\/div>\n\n\t\t\t\t\t<div class=\"product-bottom clearfix\">\n\t\t\t\t<a href=\"\/en\/wp-json\/wp\/v2\/pages\/10?add-to-cart=24768\" data-quantity=\"1\" class=\"button product_type_simple add_to_cart_button ajax_add_to_cart\" data-product_id=\"24768\" data-product_sku=\"\" aria-label=\"Add to cart: &ldquo;Diplomado de actualizaci\u00f3n de destrezas de litigaci\u00f3n oral&rdquo;\" rel=\"nofollow\" data-success_message=\"&ldquo;Diplomado de actualizaci\u00f3n de destrezas de litigaci\u00f3n oral&rdquo; has been added to your cart\" role=\"button\">Add to cart<\/a>\t<span id=\"woocommerce_loop_add_to_cart_link_describedby_24768\" class=\"screen-reader-text\">\n\t\t\t<\/span>\n<a href=\"https:\/\/www.ideaula.com\/en\/producto\/curso-de-ligacion-oral\/\" class=\"bottom-product-link\"><\/a>\n<div\n\tclass=\"yith-wcwl-add-to-wishlist add-to-wishlist-24768 yith-wcwl-add-to-wishlist--link-style gem-list-wl-button wishlist-fragment on-first-load\"\n\tdata-fragment-ref=\"24768\"\n\tdata-fragment-options=\"{&quot;base_url&quot;:&quot;&quot;,&quot;product_id&quot;:24768,&quot;parent_product_id&quot;:0,&quot;product_type&quot;:&quot;simple&quot;,&quot;is_single&quot;:false,&quot;in_default_wishlist&quot;:false,&quot;show_view&quot;:false,&quot;browse_wishlist_text&quot;:&quot;Browse Wishlist&quot;,&quot;already_in_wishslist_text&quot;:&quot;The product is already in the wishlist!&quot;,&quot;product_added_text&quot;:&quot;Product added!&quot;,&quot;available_multi_wishlist&quot;:false,&quot;disable_wishlist&quot;:false,&quot;show_count&quot;:false,&quot;ajax_loading&quot;:false,&quot;loop_position&quot;:false,&quot;thegem_product_page&quot;:&quot;&quot;,&quot;thegem_template&quot;:&quot;&quot;,&quot;thegem_products_grid&quot;:&quot;&quot;,&quot;item&quot;:&quot;add_to_wishlist&quot;}\"\n>\n\t\t\t\n\t\t\t<!-- ADD TO WISHLIST -->\n\t\t\t\n\t<div class=\"yith-wcwl-add-button\">\n\t\t<a href=\"?add_to_wishlist=24768\" rel=\"nofollow\"\n\t\t   data-product-id=\"24768\" data-product-type=\"simple\"\n\t\t   data-original-product-id=\"0\" class=\"add_to_wishlist single_add_to_wishlist\"\n\t\t   data-title=\"Add to Wishlist\">\n\t\t\t<svg id=\"yith-wcwl-icon-heart-outline\" class=\"yith-wcwl-icon-svg\" fill=\"none\" stroke-width=\"1.5\" stroke=\"currentColor\" viewBox=\"0 0 24 24\" xmlns=\"http:\/\/www.w3.org\/2000\/svg\">\n  <path stroke-linecap=\"round\" stroke-linejoin=\"round\" d=\"M21 8.25c0-2.485-2.099-4.5-4.688-4.5-1.935 0-3.597 1.126-4.312 2.733-.715-1.607-2.377-2.733-4.313-2.733C5.1 3.75 3 5.765 3 8.25c0 7.22 9 12 9 12s9-4.78 9-12Z\"><\/path>\n<\/svg>\t\t\t<span>Add to Wishlist<\/span>\n\t\t<\/a>\n\t<\/div>\n\n\t\t\t<!-- COUNT TEXT -->\n\t\t\t\n\t\t\t<\/div>\n\t\t\t<\/div>\n\t\t\n\t<\/div>\n<\/div>\n<div class=\"inline-column col-sm-4 col-xs-6 last product type-product post-81 status-publish first outofstock product_cat-cursos-en-linea has-post-thumbnail taxable shipping-taxable purchasable product-type-simple\">\n\n\t<div class=\"product-inner centered-box\">\n\n\t\t\n\t\t<a href=\"https:\/\/www.ideaula.com\/en\/producto\/marvel-and-a-wonder\/\" class=\"product-image\">\n\t\t\t<div class=\"product-labels\"><span class=\"out-of-stock-label title-h6\">Out <span class=\"small\">of stock<\/span><\/span><\/div>\n\t\t\t<span class=\"product-image-inner\"><img width=\"522\" height=\"652\" src=\"https:\/\/www.ideaula.com\/wp-content\/uploads\/2016\/08\/Curso-LPA-thegem-product-catalog.jpg\" class=\"attachment-thegem-product-catalog\" alt=\"Curso de la Ley de Procedimientos Administrativos\" \/><span class=\"woo-product-overlay\"><\/span><\/span>\n\t\t<\/a>\n\n\t\t<div class=\"product-info clearfix\">\n\t\t\t<div class=\"product-rating product-rating-empty\"><div class=\"empty-rating\"><\/div><\/div>\t\t\t<div class=\"product-title title-h6\"><a href=\"https:\/\/www.ideaula.com\/en\/producto\/marvel-and-a-wonder\/\">Curso de la Ley de Procedimientos Administrativos<\/a><\/div>\n\t\t\t\n\t<div class=\"product-price\"><span class=\"price\"><span class=\"woocommerce-Price-amount amount\"><bdi><span class=\"woocommerce-Price-currencySymbol\">&#36;<\/span>&nbsp;45.00<\/bdi><\/span><\/span><\/div>\n\t\t<\/div>\n\n\t\t\t\t\t<div class=\"product-bottom clearfix\">\n\t\t\t\t\t<span id=\"woocommerce_loop_add_to_cart_link_describedby_81\" class=\"screen-reader-text\">\n\t\t\t<\/span>\n<a href=\"https:\/\/www.ideaula.com\/en\/producto\/marvel-and-a-wonder\/\" class=\"bottom-product-link\"><\/a>\n<div\n\tclass=\"yith-wcwl-add-to-wishlist add-to-wishlist-81 yith-wcwl-add-to-wishlist--link-style gem-list-wl-button wishlist-fragment on-first-load\"\n\tdata-fragment-ref=\"81\"\n\tdata-fragment-options=\"{&quot;base_url&quot;:&quot;&quot;,&quot;product_id&quot;:81,&quot;parent_product_id&quot;:0,&quot;product_type&quot;:&quot;simple&quot;,&quot;is_single&quot;:false,&quot;in_default_wishlist&quot;:false,&quot;show_view&quot;:false,&quot;browse_wishlist_text&quot;:&quot;Browse Wishlist&quot;,&quot;already_in_wishslist_text&quot;:&quot;The product is already in the wishlist!&quot;,&quot;product_added_text&quot;:&quot;Product added!&quot;,&quot;available_multi_wishlist&quot;:false,&quot;disable_wishlist&quot;:false,&quot;show_count&quot;:false,&quot;ajax_loading&quot;:false,&quot;loop_position&quot;:false,&quot;thegem_product_page&quot;:&quot;&quot;,&quot;thegem_template&quot;:&quot;&quot;,&quot;thegem_products_grid&quot;:&quot;&quot;,&quot;item&quot;:&quot;add_to_wishlist&quot;}\"\n>\n\t\t\t\n\t\t\t<!-- ADD TO WISHLIST -->\n\t\t\t\n\t<div class=\"yith-wcwl-add-button\">\n\t\t<a href=\"?add_to_wishlist=81\" rel=\"nofollow\"\n\t\t   data-product-id=\"81\" data-product-type=\"simple\"\n\t\t   data-original-product-id=\"0\" class=\"add_to_wishlist single_add_to_wishlist\"\n\t\t   data-title=\"Add to Wishlist\">\n\t\t\t<svg id=\"yith-wcwl-icon-heart-outline\" class=\"yith-wcwl-icon-svg\" fill=\"none\" stroke-width=\"1.5\" stroke=\"currentColor\" viewBox=\"0 0 24 24\" xmlns=\"http:\/\/www.w3.org\/2000\/svg\">\n  <path stroke-linecap=\"round\" stroke-linejoin=\"round\" d=\"M21 8.25c0-2.485-2.099-4.5-4.688-4.5-1.935 0-3.597 1.126-4.312 2.733-.715-1.607-2.377-2.733-4.313-2.733C5.1 3.75 3 5.765 3 8.25c0 7.22 9 12 9 12s9-4.78 9-12Z\"><\/path>\n<\/svg>\t\t\t<span>Add to Wishlist<\/span>\n\t\t<\/a>\n\t<\/div>\n\n\t\t\t<!-- COUNT TEXT -->\n\t\t\t\n\t\t\t<\/div>\n\t\t\t<\/div>\n\t\t\n\t<\/div>\n<\/div>\n<div class=\"inline-column col-sm-4 col-xs-6 product type-product post-80 status-publish last outofstock product_cat-cursos-en-linea has-post-thumbnail taxable shipping-taxable purchasable product-type-simple\">\n\n\t<div class=\"product-inner centered-box\">\n\n\t\t\n\t\t<a href=\"https:\/\/www.ideaula.com\/en\/producto\/the-bees\/\" class=\"product-image\">\n\t\t\t<div class=\"product-labels\"><span class=\"out-of-stock-label title-h6\">Out <span class=\"small\">of stock<\/span><\/span><\/div>\n\t\t\t<span class=\"product-image-inner\"><img width=\"522\" height=\"652\" src=\"https:\/\/www.ideaula.com\/wp-content\/uploads\/2016\/08\/Libro-Ley-de-lo-Contencioso-Administrativo-thegem-product-catalog.png\" class=\"attachment-thegem-product-catalog\" alt=\"Ley de la Jurisdicci\u00f3n Contencioso Administrativa\" \/><span class=\"woo-product-overlay\"><\/span><\/span>\n\t\t<\/a>\n\n\t\t<div class=\"product-info clearfix\">\n\t\t\t<div class=\"product-rating product-rating-empty\"><div class=\"empty-rating\"><\/div><\/div>\t\t\t<div class=\"product-title title-h6\"><a href=\"https:\/\/www.ideaula.com\/en\/producto\/the-bees\/\">Ley de la Jurisdicci\u00f3n Contencioso Administrativa<\/a><\/div>\n\t\t\t\n\t<div class=\"product-price\"><span class=\"price\"><span class=\"woocommerce-Price-amount amount\"><bdi><span class=\"woocommerce-Price-currencySymbol\">&#36;<\/span>&nbsp;19.99<\/bdi><\/span><\/span><\/div>\n\t\t<\/div>\n\n\t\t\t\t\t<div class=\"product-bottom clearfix\">\n\t\t\t\t\t<span id=\"woocommerce_loop_add_to_cart_link_describedby_80\" class=\"screen-reader-text\">\n\t\t\t<\/span>\n<a href=\"https:\/\/www.ideaula.com\/en\/producto\/the-bees\/\" class=\"bottom-product-link\"><\/a>\n<div\n\tclass=\"yith-wcwl-add-to-wishlist add-to-wishlist-80 yith-wcwl-add-to-wishlist--link-style gem-list-wl-button wishlist-fragment on-first-load\"\n\tdata-fragment-ref=\"80\"\n\tdata-fragment-options=\"{&quot;base_url&quot;:&quot;&quot;,&quot;product_id&quot;:80,&quot;parent_product_id&quot;:0,&quot;product_type&quot;:&quot;simple&quot;,&quot;is_single&quot;:false,&quot;in_default_wishlist&quot;:false,&quot;show_view&quot;:false,&quot;browse_wishlist_text&quot;:&quot;Browse Wishlist&quot;,&quot;already_in_wishslist_text&quot;:&quot;The product is already in the wishlist!&quot;,&quot;product_added_text&quot;:&quot;Product added!&quot;,&quot;available_multi_wishlist&quot;:false,&quot;disable_wishlist&quot;:false,&quot;show_count&quot;:false,&quot;ajax_loading&quot;:false,&quot;loop_position&quot;:false,&quot;thegem_product_page&quot;:&quot;&quot;,&quot;thegem_template&quot;:&quot;&quot;,&quot;thegem_products_grid&quot;:&quot;&quot;,&quot;item&quot;:&quot;add_to_wishlist&quot;}\"\n>\n\t\t\t\n\t\t\t<!-- ADD TO WISHLIST -->\n\t\t\t\n\t<div class=\"yith-wcwl-add-button\">\n\t\t<a href=\"?add_to_wishlist=80\" rel=\"nofollow\"\n\t\t   data-product-id=\"80\" data-product-type=\"simple\"\n\t\t   data-original-product-id=\"0\" class=\"add_to_wishlist single_add_to_wishlist\"\n\t\t   data-title=\"Add to Wishlist\">\n\t\t\t<svg id=\"yith-wcwl-icon-heart-outline\" class=\"yith-wcwl-icon-svg\" fill=\"none\" stroke-width=\"1.5\" stroke=\"currentColor\" viewBox=\"0 0 24 24\" xmlns=\"http:\/\/www.w3.org\/2000\/svg\">\n  <path stroke-linecap=\"round\" stroke-linejoin=\"round\" d=\"M21 8.25c0-2.485-2.099-4.5-4.688-4.5-1.935 0-3.597 1.126-4.312 2.733-.715-1.607-2.377-2.733-4.313-2.733C5.1 3.75 3 5.765 3 8.25c0 7.22 9 12 9 12s9-4.78 9-12Z\"><\/path>\n<\/svg>\t\t\t<span>Add to Wishlist<\/span>\n\t\t<\/a>\n\t<\/div>\n\n\t\t\t<!-- COUNT TEXT -->\n\t\t\t\n\t\t\t<\/div>\n\t\t\t<\/div>\n\t\t\n\t<\/div>\n<\/div>\n    <\/div>\r\n<\/div>[\/vc_column][\/vc_row][vc_row full_width=&#8221;stretch_row&#8221; equal_height=&#8221;yes&#8221; background_position=&#8221;center bottom&#8221; css=&#8221;.vc_custom_1755902014467{margin-top: 10px !important;margin-bottom: 10px !important;border-top-width: 10px !important;border-bottom-width: 10px !important;padding-top: 10px !important;padding-bottom: 10px !important;background-color: #aa062d !important;background-position: 0 0 !important;background-repeat: no-repeat !important;}&#8221; el_class=&#8221;subscribe&#8221;][vc_column width=&#8221;2\/3&#8243; css=&#8221;.vc_custom_1619740586823{margin-top: 10px !important;margin-bottom: 10px !important;border-top-width: 10px !important;border-bottom-width: 10px !important;padding-top: 10px !important;padding-bottom: 10px !important;}&#8221;][vc_custom_heading text=&#8221;Recibe nuestras noticias<br \/>\nSe de las primeras personas en conocer sobre nuestros nuevos cursos y servicios&#8221; font_container=&#8221;tag:h2|font_size:26|text_align:center|color:%23ffffff&#8221; google_fonts=&#8221;font_family:Alfa%20Slab%20One%3Aregular|font_style:400%20regular%3A400%3Anormal&#8221;][\/vc_column][vc_column width=&#8221;1\/3&#8243; css=&#8221;.vc_custom_1755901980500{border-radius: 25px !important;}&#8221;]\n\t<section id=\"yikes-mailchimp-container-1\" class=\"yikes-mailchimp-container yikes-mailchimp-container-1 \">\n\t\t\t\t<form id=\"suscribete-1\" class=\"yikes-easy-mc-form yikes-easy-mc-form-1  \" method=\"POST\" data-attr-form-id=\"1\">\n\n\t\t\t\t\t\t\t\t\t\t\t\t\t<label for=\"yikes-easy-mc-form-1-FNAME\"  class=\"FNAME-label \">\n\n\t\t\t\t\t\t\t\t\t\t<!-- dictate label visibility -->\n\t\t\t\t\t\t\t\t\t\t\t\t\t\t\t\t\t\t\t\t\t<span class=\"FNAME-label\">\n\t\t\t\t\t\t\t\t\t\t\t\tNombre\t\t\t\t\t\t\t\t\t\t\t<\/span>\n\t\t\t\t\t\t\t\t\t\t\n\t\t\t\t\t\t\t\t\t\t<!-- Description Above -->\n\t\t\t\t\t\t\t\t\t\t\n\t\t\t\t\t\t\t\t\t\t<input id=\"yikes-easy-mc-form-1-FNAME\"  name=\"FNAME\"  placeholder=\"\"  class=\"yikes-easy-mc-text \"   type=\"text\"  value=\"\">\n\n\t\t\t\t\t\t\t\t\t\t<!-- Description Below -->\n\t\t\t\t\t\t\t\t\t\t\n\t\t\t\t\t\t\t\t\t<\/label>\n\t\t\t\t\t\t\t\t\t\t\t\t\t\t\t\t\t\t<label for=\"yikes-easy-mc-form-1-LNAME\"  class=\"LNAME-label \">\n\n\t\t\t\t\t\t\t\t\t\t<!-- dictate label visibility -->\n\t\t\t\t\t\t\t\t\t\t\t\t\t\t\t\t\t\t\t\t\t<span class=\"LNAME-label\">\n\t\t\t\t\t\t\t\t\t\t\t\tApellidos\t\t\t\t\t\t\t\t\t\t\t<\/span>\n\t\t\t\t\t\t\t\t\t\t\n\t\t\t\t\t\t\t\t\t\t<!-- Description Above -->\n\t\t\t\t\t\t\t\t\t\t\n\t\t\t\t\t\t\t\t\t\t<input id=\"yikes-easy-mc-form-1-LNAME\"  name=\"LNAME\"  placeholder=\"\"  class=\"yikes-easy-mc-text \"   type=\"text\"  value=\"\">\n\n\t\t\t\t\t\t\t\t\t\t<!-- Description Below -->\n\t\t\t\t\t\t\t\t\t\t\n\t\t\t\t\t\t\t\t\t<\/label>\n\t\t\t\t\t\t\t\t\t\t\t\t\t\t\t\t\t\t<label for=\"yikes-easy-mc-form-1-COMPANY\" style=\"display:none;\" class=\"COMPANY-label \">\n\n\t\t\t\t\t\t\t\t\t\t<!-- dictate label visibility -->\n\t\t\t\t\t\t\t\t\t\t\t\t\t\t\t\t\t\t\t\t\t<span class=\"COMPANY-label\">\n\t\t\t\t\t\t\t\t\t\t\t\tCompany\t\t\t\t\t\t\t\t\t\t\t<\/span>\n\t\t\t\t\t\t\t\t\t\t\n\t\t\t\t\t\t\t\t\t\t<!-- Description Above -->\n\t\t\t\t\t\t\t\t\t\t\n\t\t\t\t\t\t\t\t\t\t<input id=\"yikes-easy-mc-form-1-COMPANY\"  name=\"COMPANY\"  placeholder=\"\"  class=\"yikes-easy-mc-text \"   type=\"text\"  value=\"\">\n\n\t\t\t\t\t\t\t\t\t\t<!-- Description Below -->\n\t\t\t\t\t\t\t\t\t\t\n\t\t\t\t\t\t\t\t\t<\/label>\n\t\t\t\t\t\t\t\t\t\t\t\t\t\t\t\t\t\t<label for=\"yikes-easy-mc-form-1-EMAIL\"  class=\"EMAIL-label yikes-mailchimp-field-required \">\n\n\t\t\t\t\t\t\t\t\t\t<!-- dictate label visibility -->\n\t\t\t\t\t\t\t\t\t\t\t\t\t\t\t\t\t\t\t\t\t<span class=\"EMAIL-label\">\n\t\t\t\t\t\t\t\t\t\t\t\tEmail Address\t\t\t\t\t\t\t\t\t\t\t<\/span>\n\t\t\t\t\t\t\t\t\t\t\n\t\t\t\t\t\t\t\t\t\t<!-- Description Above -->\n\t\t\t\t\t\t\t\t\t\t\n\t\t\t\t\t\t\t\t\t\t<input id=\"yikes-easy-mc-form-1-EMAIL\"  name=\"EMAIL\"  placeholder=\"\"  class=\"yikes-easy-mc-email \"  required=\"required\" type=\"email\"  value=\"\">\n\n\t\t\t\t\t\t\t\t\t\t<!-- Description Below -->\n\t\t\t\t\t\t\t\t\t\t\n\t\t\t\t\t\t\t\t\t<\/label>\n\t\t\t\t\t\t\t\t\t\n\t\t\t\t<!-- Honeypot Trap -->\n\t\t\t\t<input type=\"hidden\" name=\"yikes-mailchimp-honeypot\" id=\"yikes-mailchimp-honeypot-1\" value=\"\">\n\n\t\t\t\t<!-- List ID -->\n\t\t\t\t<input type=\"hidden\" name=\"yikes-mailchimp-associated-list-id\" id=\"yikes-mailchimp-associated-list-id-1\" value=\"25c2587007\">\n\n\t\t\t\t<!-- The form that is being submitted! Used to display error\/success messages above the correct form -->\n\t\t\t\t<input type=\"hidden\" name=\"yikes-mailchimp-submitted-form\" id=\"yikes-mailchimp-submitted-form-1\" value=\"1\">\n\n\t\t\t\t<!-- Submit Button -->\n\t\t\t\t<button type=\"submit\" class=\"yikes-easy-mc-submit-button yikes-easy-mc-submit-button-1 btn btn-primary  gem-button\"> <span class=\"yikes-mailchimp-submit-button-span-text\">Enviar<\/span><\/button>\t\t\t\t<!-- Nonce Security Check -->\n\t\t\t\t<input type=\"hidden\" id=\"yikes_easy_mc_new_subscriber_1\" name=\"yikes_easy_mc_new_subscriber\" value=\"d6db10ec4f\">\n\t\t\t\t<input type=\"hidden\" name=\"_wp_http_referer\" value=\"\/en\/wp-json\/wp\/v2\/pages\/10\" \/>\n\t\t\t<\/form>\n\t\t\t<!-- Mailchimp Form generated by Easy Forms for Mailchimp v6.9.0 (https:\/\/wordpress.org\/plugins\/yikes-inc-easy-mailchimp-extender\/) -->\n\n\t\t\t<\/section>\n\t[\/vc_column][\/vc_row][vc_row][vc_column background_position=&#8221;center center&#8221;][vc_single_image image=&#8221;23193&#8243; img_size=&#8221;full&#8221; alignment=&#8221;center&#8221; onclick=&#8221;custom_link&#8221; img_link_target=&#8221;_blank&#8221; css_animation=&#8221;slideInLeft&#8221; link=&#8221;https:\/\/lms.ideaula.com\/&#8221; css=&#8221;.vc_custom_1619757976442{margin-top: 50px !important;background-position: center !important;background-repeat: no-repeat !important;background-size: contain !important;}&#8221;][\/vc_column][\/vc_row]<\/p>\n","protected":false},"excerpt":{"rendered":"<p>[vc_row full_width=&#8221;stretch_row_content_no_spaces&#8221; full_height=&#8221;yes&#8221; css=&#8221;.vc_custom_1755903173192{padding-top: 250px !important;padding-bottom: 250px !important;background-image: url(https:\/\/www.ideaula.com\/wp-content\/uploads\/2020\/07\/ID-Consulting.jpg?id=12440) !important;background-position: center !important;background-repeat: no-repeat !important;background-size: cover !important;}&#8221; el_class=&#8221;hero&#8221;][vc_column width=&#8221;1\/3&#8243; offset=&#8221;vc_hidden-xs&#8221; css=&#8221;.vc_custom_1619737703661{background-position:&#8230;<\/p>\n","protected":false},"author":3,"featured_media":0,"parent":0,"menu_order":0,"comment_status":"closed","ping_status":"closed","template":"","meta":{"_acf_changed":false,"footnotes":""},"class_list":["post-10","page","type-page","status-publish"],"translation":{"provider":"WPGlobus","version":"3.0.0","language":"en","enabled_languages":["es","en","fr"],"languages":{"es":{"title":true,"content":true,"excerpt":false},"en":{"title":false,"content":false,"excerpt":false},"fr":{"title":false,"content":false,"excerpt":false}}},"acf":[],"_links":{"self":[{"href":"https:\/\/www.ideaula.com\/en\/wp-json\/wp\/v2\/pages\/10","targetHints":{"allow":["GET"]}}],"collection":[{"href":"https:\/\/www.ideaula.com\/en\/wp-json\/wp\/v2\/pages"}],"about":[{"href":"https:\/\/www.ideaula.com\/en\/wp-json\/wp\/v2\/types\/page"}],"author":[{"embeddable":true,"href":"https:\/\/www.ideaula.com\/en\/wp-json\/wp\/v2\/users\/3"}],"replies":[{"embeddable":true,"href":"https:\/\/www.ideaula.com\/en\/wp-json\/wp\/v2\/comments?post=10"}],"version-history":[{"count":2,"href":"https:\/\/www.ideaula.com\/en\/wp-json\/wp\/v2\/pages\/10\/revisions"}],"predecessor-version":[{"id":24601,"href":"https:\/\/www.ideaula.com\/en\/wp-json\/wp\/v2\/pages\/10\/revisions\/24601"}],"wp:attachment":[{"href":"https:\/\/www.ideaula.com\/en\/wp-json\/wp\/v2\/media?parent=10"}],"curies":[{"name":"wp","href":"https:\/\/api.w.org\/{rel}","templated":true}]}}