{"id":2,"date":"2016-05-16T14:46:46","date_gmt":"2016-05-16T14:46:46","guid":{"rendered":"https:\/\/www.ideaula.com\/?page_id=2"},"modified":"2025-08-23T14:15:52","modified_gmt":"2025-08-23T20:15:52","slug":"nosotros","status":"publish","type":"page","link":"https:\/\/www.ideaula.com\/en\/nosotros\/","title":{"rendered":"Nosotros (Ok)"},"content":{"rendered":"<p>[vc_row][vc_column css=&#8221;.vc_custom_1619826527230{margin-top: 50px !important;}&#8221;][vc_single_image image=&#8221;23289&#8243; img_size=&#8221;medium&#8221; css=&#8221;.vc_custom_1619813570717{margin-top: -20px !important;background-color: rgba(255,0,0,0.01) !important;*background-color: rgb(255,0,0) !important;}&#8221;][\/vc_column][\/vc_row][vc_row][vc_column][vc_custom_heading text=&#8221;\u00bfQui\u00e9nes somos?&#8221; font_container=&#8221;tag:h2|font_size:55|text_align:left|color:%23ac0a2f|line_height:1&#8243; google_fonts=&#8221;font_family:Alfa%20Slab%20One%3Aregular|font_style:400%20regular%3A400%3Anormal&#8221; css_animation=&#8221;fadeInLeft&#8221;][\/vc_column][\/vc_row][vc_row full_width=&#8221;stretch_row&#8221; css=&#8221;.vc_custom_1619818722938{background-color: #ffffff !important;}&#8221; el_class=&#8221;row-2&#8243;][vc_column][vc_row_inner][vc_column_inner width=&#8221;1\/6&#8243;][\/vc_column_inner][vc_column_inner el_class=&#8221;box&#8221; width=&#8221;2\/3&#8243; css=&#8221;.vc_custom_1619827070580{padding-bottom: 40px !important;background-color: #ffffff !important;}&#8221;][vc_column_text css_animation=&#8221;appear&#8221; css=&#8221;.vc_custom_1625151137563{margin-top: 0px !important;margin-bottom: 20px !important;}&#8221;]<\/p>\n<p style=\"text-align: justify;\">IDeAula es una marca de I&amp;D Consulting para el desarrollo de procesos innovadores de educaci\u00f3n en el sector p\u00fablico, privado y la sociedad civil.<\/p>\n<p style=\"text-align: justify;\">Como compa\u00f1\u00eda estamos comprometidos con el desarrollo econ\u00f3mico, social y democr\u00e1tico de la regi\u00f3n centroamericana, y contribuimos a ello por medio de diferentes acciones que involucran el dise\u00f1o, desarrollo e implementaci\u00f3n de modelos, programas y sistemas, que mejoran la eficiencia en la gesti\u00f3n del sector p\u00fablico y privado.<\/p>\n<p style=\"text-align: justify;\">Como parte de nuestro cat\u00e1logo de servicios y nuestro compromiso con la innovaci\u00f3n, hace muchos a\u00f1os integramos los servicios de instalaci\u00f3n y mantenimiento de plataformas LMS (Learning Management Systems), dise\u00f1os instruccionales de cursos, diplomados\u00a0 y de producci\u00f3n de contenido audiovisual e interactivo para educaci\u00f3n en l\u00ednea. Esta experiencia nos ha permitido mantenernos como una empresa pionera en este rubro desarrollando e implementando procesos de formaci\u00f3n presencial y virtual en los que han participado miles de personas del sector p\u00fablico, privado y la sociedad civil.<\/p>\n<p style=\"text-align: justify;\">Si quieres que seamos parte de tus proyectos de educaci\u00f3n, dir\u00edgete a la secci\u00f3n &#8220;cont\u00e1ctanos&#8221; en el men\u00fa principal.\u00a0 <a href=\"https:\/\/www.ideaula.com\/contacto\/\"><img class=\"alignnone wp-image-23307\" src=\"https:\/\/www.ideaula.com\/wp-content\/uploads\/2021\/04\/Contactanos-300x72.png\" alt=\"\" width=\"105\" height=\"25\" srcset=\"https:\/\/www.ideaula.com\/wp-content\/uploads\/2021\/04\/Contactanos-300x72.png 300w, https:\/\/www.ideaula.com\/wp-content\/uploads\/2021\/04\/Contactanos-1024x247.png 1024w, https:\/\/www.ideaula.com\/wp-content\/uploads\/2021\/04\/Contactanos-768x186.png 768w, https:\/\/www.ideaula.com\/wp-content\/uploads\/2021\/04\/Contactanos-600x145.png 600w, https:\/\/www.ideaula.com\/wp-content\/uploads\/2021\/04\/Contactanos.png 1337w\" sizes=\"(max-width: 105px) 100vw, 105px\" \/><\/a><\/p>\n<p style=\"text-align: justify;\">Si quieres conocer m\u00e1s sobre nuestros servicios de implementaci\u00f3n de proyectos, te invitamos a visitar nuestro sitio web en el siguiente enlace:<\/p>\n<p style=\"text-align: justify;\"><a href=\"http:\/\/inno-dev.com\/\"><img class=\"alignjustify wp-image-23304 aligncenter\" src=\"https:\/\/www.ideaula.com\/wp-content\/uploads\/2021\/04\/Conoce-mas-de-ID-Consulting-300x58.png\" alt=\"\" width=\"300\" height=\"58\" srcset=\"https:\/\/www.ideaula.com\/wp-content\/uploads\/2021\/04\/Conoce-mas-de-ID-Consulting-300x58.png 300w, https:\/\/www.ideaula.com\/wp-content\/uploads\/2021\/04\/Conoce-mas-de-ID-Consulting-1024x198.png 1024w, https:\/\/www.ideaula.com\/wp-content\/uploads\/2021\/04\/Conoce-mas-de-ID-Consulting-768x149.png 768w, https:\/\/www.ideaula.com\/wp-content\/uploads\/2021\/04\/Conoce-mas-de-ID-Consulting-600x116.png 600w, https:\/\/www.ideaula.com\/wp-content\/uploads\/2021\/04\/Conoce-mas-de-ID-Consulting.png 1332w\" sizes=\"(max-width: 300px) 100vw, 300px\" \/><\/a><\/p>\n<p>[\/vc_column_text][\/vc_column_inner][vc_column_inner width=&#8221;1\/6&#8243;][\/vc_column_inner][\/vc_row_inner][\/vc_column][\/vc_row][vc_row][vc_column][vc_custom_heading text=&#8221;Nuestra experiencia&#8221; font_container=&#8221;tag:h2|font_size:55|text_align:left|color:%23ac0a2f|line_height:1&#8243; google_fonts=&#8221;font_family:Alfa%20Slab%20One%3Aregular|font_style:400%20regular%3A400%3Anormal&#8221; css_animation=&#8221;fadeInLeft&#8221;][\/vc_column][\/vc_row][vc_row][vc_column][vc_custom_heading text=&#8221;Proyectos de educaci\u00f3n en l\u00ednea&#8221; font_container=&#8221;tag:h2|font_size:22|text_align:left|color:rgba(0%2C0%2C0%2C0.4)&#8221; google_fonts=&#8221;font_family:Alfa%20Slab%20One%3Aregular|font_style:400%20regular%3A400%3Anormal&#8221; css_animation=&#8221;fadeInLeft&#8221;][mvc_timeline_father title=&#8221;Proyectos de educaci\u00f3n en linea&#8221;][mvc_timeline_son centerstyle=&#8221;dot&#8221; maintitle=&#8221;Curso de servicio al cliente para el personal de ventas de Grupo empresarial&#8221; date=&#8221;2024&#8243; caption_url=&#8221;&#8221;]El curso de Servicio al Cliente fortaleci\u00f3 las habilidades del personal de venta para brindar una atenci\u00f3n de calidad, aprendiendo t\u00e9cnicas efectivas de comunicaci\u00f3n, manejo de objeciones y fidelizaci\u00f3n. A trav\u00e9s de actividades pr\u00e1cticas y recursos digitales, ense\u00f1amos al personal c\u00f3mo mejorar la experiencia del cliente, adaptarse a distintos perfiles y contribuir al logro de los objetivos comerciales de la empresa.[\/mvc_timeline_son][mvc_timeline_son centerstyle=&#8221;dot&#8221; maintitle=&#8221;Curso de Inducci\u00f3n para el personal de grupo empresarial&#8221; date=&#8221;2024&#8243; caption_url=&#8221;&#8221;]El curso ofreci\u00f3 al nuevo personal de ventas del Grupo Mapa una visi\u00f3n general sobre la historia, identidad, estructura y normativas de la empresa. Su prop\u00f3sito era facilitar la comprensi\u00f3n del rol que desempe\u00f1an los empleados dentro de la organizaci\u00f3n y fortalecer su sentido de pertenencia y compromiso con los objetivos institucionales[\/mvc_timeline_son][mvc_timeline_son centerstyle=&#8221;dot&#8221; maintitle=&#8221;Cursos para el fortalecimiento de plataformas y capacidades de formaci\u00f3n virtual de la Escuela de Derechos Humanos de la PDDH&#8221; date=&#8221;2023&#8243; caption_url=&#8221;&#8221;]En el marco del fortalecimiento institucional de la Escuela de Derechos Humanos de la PDDH, capacitamos a personal servidor p\u00fablico en competencias clave para la formaci\u00f3n virtual. El proceso formativo abarc\u00f3 dise\u00f1o instruccional, elaboraci\u00f3n de cartas descriptivas y recursos did\u00e1cticos, uso b\u00e1sico de Moodle (incluyendo virtualizaci\u00f3n de contenidos, administraci\u00f3n de cursos y gesti\u00f3n de usuarios), y producci\u00f3n de contenidos audiovisuales. Como resultado, se dise\u00f1aron y desarrollaron los cursos virtuales: \u201cDerechos humanos de las personas privadas de libertad\u201d y \u201cDerechos humanos y uso de la fuerza\u201d.[\/mvc_timeline_son][\/mvc_timeline_father][\/vc_column][\/vc_row][vc_row][vc_column][\/vc_column][\/vc_row]<\/p>\n","protected":false},"excerpt":{"rendered":"<p>[vc_row][vc_column css=&#8221;.vc_custom_1619826527230{margin-top: 50px !important;}&#8221;][vc_single_image image=&#8221;23289&#8243; img_size=&#8221;medium&#8221; css=&#8221;.vc_custom_1619813570717{margin-top: -20px !important;background-color: rgba(255,0,0,0.01) !important;*background-color: rgb(255,0,0) !important;}&#8221;][\/vc_column][\/vc_row][vc_row][vc_column][vc_custom_heading text=&#8221;\u00bfQui\u00e9nes somos?&#8221; font_container=&#8221;tag:h2|font_size:55|text_align:left|color:%23ac0a2f|line_height:1&#8243; google_fonts=&#8221;font_family:Alfa%20Slab%20One%3Aregular|font_style:400%20regular%3A400%3Anormal&#8221; css_animation=&#8221;fadeInLeft&#8221;][\/vc_column][\/vc_row][vc_row full_width=&#8221;stretch_row&#8221; css=&#8221;.vc_custom_1619818722938{background-color:&#8230;<\/p>\n","protected":false},"author":1,"featured_media":0,"parent":0,"menu_order":0,"comment_status":"closed","ping_status":"closed","template":"","meta":{"_acf_changed":false,"footnotes":""},"class_list":["post-2","page","type-page","status-publish"],"translation":{"provider":"WPGlobus","version":"3.0.0","language":"en","enabled_languages":["es","en","fr"],"languages":{"es":{"title":true,"content":true,"excerpt":false},"en":{"title":false,"content":false,"excerpt":false},"fr":{"title":false,"content":false,"excerpt":false}}},"acf":[],"_links":{"self":[{"href":"https:\/\/www.ideaula.com\/en\/wp-json\/wp\/v2\/pages\/2","targetHints":{"allow":["GET"]}}],"collection":[{"href":"https:\/\/www.ideaula.com\/en\/wp-json\/wp\/v2\/pages"}],"about":[{"href":"https:\/\/www.ideaula.com\/en\/wp-json\/wp\/v2\/types\/page"}],"author":[{"embeddable":true,"href":"https:\/\/www.ideaula.com\/en\/wp-json\/wp\/v2\/users\/1"}],"replies":[{"embeddable":true,"href":"https:\/\/www.ideaula.com\/en\/wp-json\/wp\/v2\/comments?post=2"}],"version-history":[{"count":4,"href":"https:\/\/www.ideaula.com\/en\/wp-json\/wp\/v2\/pages\/2\/revisions"}],"predecessor-version":[{"id":25056,"href":"https:\/\/www.ideaula.com\/en\/wp-json\/wp\/v2\/pages\/2\/revisions\/25056"}],"wp:attachment":[{"href":"https:\/\/www.ideaula.com\/en\/wp-json\/wp\/v2\/media?parent=2"}],"curies":[{"name":"wp","href":"https:\/\/api.w.org\/{rel}","templated":true}]}}