{"id":24768,"date":"2025-09-10T12:22:12","date_gmt":"2025-09-10T18:22:12","guid":{"rendered":"https:\/\/www.ideaula.com\/?post_type=product&#038;p=24768"},"modified":"2025-10-01T00:01:33","modified_gmt":"2025-10-01T06:01:33","slug":"curso-de-ligacion-oral","status":"publish","type":"product","link":"https:\/\/www.ideaula.com\/en\/producto\/curso-de-ligacion-oral\/","title":{"rendered":"Diplomado de actualizaci\u00f3n de destrezas de litigaci\u00f3n oral"},"content":{"rendered":"","protected":false},"excerpt":{"rendered":"<p>Este programa tiene como prop\u00f3sito actualizar y fortalecer las destrezas de litigaci\u00f3n oral de abogados y abogadas en ejercicio, tanto del sector p\u00fablico como privado. Est\u00e1 dise\u00f1ado para quienes desean intervenir con mayor eficacia en audiencias, incrementando su capacidad de argumentaci\u00f3n, dominio de las reglas probatorias, y manejo estrat\u00e9gico del juicio. El curso busca transformar la intervenci\u00f3n improvisada a una actuaci\u00f3n t\u00e9cnica, persuasiva y profesional, mediante el fortalecimiento de habilidades del interrogatorio, contrainterrogatorio, objeciones y construcci\u00f3n de teor\u00eda del caso, asegurando mejores resultados en el desempe\u00f1o litigioso ante tribunales, sean judiciales o arbitrales.<\/p>\n","protected":false},"featured_media":25044,"comment_status":"closed","ping_status":"closed","template":"elementor_theme","meta":{"_acf_changed":false},"instructor-teams":[],"product_brand":[],"product_cat":[81],"product_tag":[],"class_list":{"0":"post-24768","1":"product","2":"type-product","3":"status-publish","4":"has-post-thumbnail","6":"product_cat-litigacion","8":"first","9":"instock","10":"featured","11":"virtual","12":"purchasable","13":"product-type-simple"},"translation":{"provider":"WPGlobus","version":"3.0.0","language":"en","enabled_languages":["es","en","fr"],"languages":{"es":{"title":true,"content":false,"excerpt":true},"en":{"title":false,"content":false,"excerpt":false},"fr":{"title":false,"content":false,"excerpt":false}}},"acf":[],"_links":{"self":[{"href":"https:\/\/www.ideaula.com\/en\/wp-json\/wp\/v2\/product\/24768","targetHints":{"allow":["GET"]}}],"collection":[{"href":"https:\/\/www.ideaula.com\/en\/wp-json\/wp\/v2\/product"}],"about":[{"href":"https:\/\/www.ideaula.com\/en\/wp-json\/wp\/v2\/types\/product"}],"replies":[{"embeddable":true,"href":"https:\/\/www.ideaula.com\/en\/wp-json\/wp\/v2\/comments?post=24768"}],"version-history":[{"count":1,"href":"https:\/\/www.ideaula.com\/en\/wp-json\/wp\/v2\/product\/24768\/revisions"}],"predecessor-version":[{"id":25047,"href":"https:\/\/www.ideaula.com\/en\/wp-json\/wp\/v2\/product\/24768\/revisions\/25047"}],"wp:featuredmedia":[{"embeddable":true,"href":"https:\/\/www.ideaula.com\/en\/wp-json\/wp\/v2\/media\/25044"}],"wp:attachment":[{"href":"https:\/\/www.ideaula.com\/en\/wp-json\/wp\/v2\/media?parent=24768"}],"wp:term":[{"taxonomy":"instructor-teams","embeddable":true,"href":"https:\/\/www.ideaula.com\/en\/wp-json\/wp\/v2\/instructor-teams?post=24768"},{"taxonomy":"product_brand","embeddable":true,"href":"https:\/\/www.ideaula.com\/en\/wp-json\/wp\/v2\/product_brand?post=24768"},{"taxonomy":"product_cat","embeddable":true,"href":"https:\/\/www.ideaula.com\/en\/wp-json\/wp\/v2\/product_cat?post=24768"},{"taxonomy":"product_tag","embeddable":true,"href":"https:\/\/www.ideaula.com\/en\/wp-json\/wp\/v2\/product_tag?post=24768"}],"curies":[{"name":"wp","href":"https:\/\/api.w.org\/{rel}","templated":true}]}}