{"id":81,"date":"2016-08-08T08:32:11","date_gmt":"2016-08-08T08:32:11","guid":{"rendered":"https:\/\/www.ideaula.com\/product\/marvel-and-a-wonder\/"},"modified":"2026-04-15T13:56:22","modified_gmt":"2026-04-15T19:56:22","slug":"marvel-and-a-wonder","status":"publish","type":"product","link":"https:\/\/www.ideaula.com\/en\/producto\/marvel-and-a-wonder\/","title":{"rendered":"Curso de la Ley de Procedimientos Administrativos"},"content":{"rendered":"<p>[vc_row][vc_column][vc_column_text]<b>Destinatarios:<\/b> Abogados de la Rep\u00fablica de el salvador<\/p>\n<p><b>Objetivo:<\/b>\u00a0Que los abogados de la Rep\u00fablica y aplicadores de la Ley conozcan los alcances y aplicaci\u00f3n de la Ley de Procedimientos Administrativos (LPA), con la finalidad que puedan asesorar jur\u00eddicamente a sus clientes y tengan las herramientas para defender los derechos de sus clientes .<\/p>\n<p><span lang=\"es-419\"><b>Contenido:\u00a0<\/b>El curso brindar\u00e1 a los participantes conceptos y conocimientos b\u00e1sicos del Derecho Administrativo contenido en la Ley de Procedimientos Administrativos (LPA), la Ley de la Jurisdicci\u00f3n Contenciosa Administrativa (LJCA) y las Disposiciones Transitorias del Procedimiento Administrativo (DTPA), as\u00ed como la relaci\u00f3n con otras leyes administrativas.<\/span><\/p>\n<p><b>Duraci\u00f3n:<\/b>\u00a020 horas virtuales.[\/vc_column_text][\/vc_column][\/vc_row]<\/p>\n","protected":false},"excerpt":{"rendered":"<p><b>Objetivo:<\/b>\u00a0Que los abogados de la Rep\u00fablica y aplicadores de la Ley conozcan los alcances y aplicaci\u00f3n de la Ley de Procedimientos Administrativos (LPA), con la finalidad que puedan asesorar jur\u00eddicamente a sus clientes y tengan las herramientas para defender los derechos de sus clientes .<\/p>\n<p><span lang=\"es-419\"><b>Contenido:\u00a0<\/b>El curso brindar\u00e1 a los participantes conceptos y conocimientos b\u00e1sicos del Derecho Administrativo contenido en la Ley de Procedimientos Administrativos (LPA), la Ley de la Jurisdicci\u00f3n Contenciosa Administrativa (LJCA) y las Disposiciones Transitorias del Procedimiento Administrativo (DTPA), as\u00ed como la relaci\u00f3n con otras leyes administrativas.<\/span><\/p>\n<p><b>Duraci\u00f3n:<\/b>\u00a020 horas virtuales.<\/p>\n","protected":false},"featured_media":12467,"comment_status":"open","ping_status":"closed","template":"","meta":{"_acf_changed":false},"instructor-teams":[],"product_brand":[],"product_cat":[21],"product_tag":[],"class_list":{"0":"post-81","1":"product","2":"type-product","3":"status-publish","4":"has-post-thumbnail","6":"product_cat-cursos-en-linea","8":"first","9":"outofstock","10":"taxable","11":"shipping-taxable","12":"purchasable","13":"product-type-simple"},"translation":{"provider":"WPGlobus","version":"3.0.0","language":"en","enabled_languages":["es","en","fr"],"languages":{"es":{"title":true,"content":true,"excerpt":true},"en":{"title":false,"content":false,"excerpt":false},"fr":{"title":false,"content":false,"excerpt":false}}},"acf":[],"_links":{"self":[{"href":"https:\/\/www.ideaula.com\/en\/wp-json\/wp\/v2\/product\/81","targetHints":{"allow":["GET"]}}],"collection":[{"href":"https:\/\/www.ideaula.com\/en\/wp-json\/wp\/v2\/product"}],"about":[{"href":"https:\/\/www.ideaula.com\/en\/wp-json\/wp\/v2\/types\/product"}],"replies":[{"embeddable":true,"href":"https:\/\/www.ideaula.com\/en\/wp-json\/wp\/v2\/comments?post=81"}],"version-history":[{"count":2,"href":"https:\/\/www.ideaula.com\/en\/wp-json\/wp\/v2\/product\/81\/revisions"}],"predecessor-version":[{"id":24962,"href":"https:\/\/www.ideaula.com\/en\/wp-json\/wp\/v2\/product\/81\/revisions\/24962"}],"wp:featuredmedia":[{"embeddable":true,"href":"https:\/\/www.ideaula.com\/en\/wp-json\/wp\/v2\/media\/12467"}],"wp:attachment":[{"href":"https:\/\/www.ideaula.com\/en\/wp-json\/wp\/v2\/media?parent=81"}],"wp:term":[{"taxonomy":"instructor-teams","embeddable":true,"href":"https:\/\/www.ideaula.com\/en\/wp-json\/wp\/v2\/instructor-teams?post=81"},{"taxonomy":"product_brand","embeddable":true,"href":"https:\/\/www.ideaula.com\/en\/wp-json\/wp\/v2\/product_brand?post=81"},{"taxonomy":"product_cat","embeddable":true,"href":"https:\/\/www.ideaula.com\/en\/wp-json\/wp\/v2\/product_cat?post=81"},{"taxonomy":"product_tag","embeddable":true,"href":"https:\/\/www.ideaula.com\/en\/wp-json\/wp\/v2\/product_tag?post=81"}],"curies":[{"name":"wp","href":"https:\/\/api.w.org\/{rel}","templated":true}]}}