{"id":23845,"date":"2021-05-12T08:59:23","date_gmt":"2021-05-12T14:59:23","guid":{"rendered":"https:\/\/www.ideaula.com\/?page_id=23845"},"modified":"2025-09-10T16:50:03","modified_gmt":"2025-09-10T22:50:03","slug":"servicios-2","status":"publish","type":"page","link":"https:\/\/www.ideaula.com\/fr\/servicios-2\/","title":{"rendered":"Servicios (Ok)"},"content":{"rendered":"<p>[vc_row css=&#8221;.vc_custom_1620844149296{margin-top: 30px !important;margin-bottom: 30px !important;}&#8221;][vc_column][vc_custom_heading text=&#8221;Nuestros servicios&#8221; font_container=&#8221;tag:h2|font_size:55|text_align:left|color:%23ac0a2f|line_height:1&#8243; google_fonts=&#8221;font_family:Alfa%20Slab%20One%3Aregular|font_style:400%20regular%3A400%3Anormal&#8221; css_animation=&#8221;fadeInLeft&#8221;][\/vc_column][\/vc_row][vc_row css=&#8221;.vc_custom_1620840250109{margin-left: 30px !important;}&#8221;][vc_column width=&#8221;1\/4&#8243;][vc_single_image image=&#8221;23874&#8243; img_size=&#8221;medium&#8221;][\/vc_column][vc_column width=&#8221;3\/4&#8243; css=&#8221;.vc_custom_1620832854031{margin-top: 50px !important;margin-bottom: 25px !important;margin-left: -50px !important;background-color: rgba(226,226,226,0.4) !important;*background-color: rgb(226,226,226) !important;}&#8221;][vc_custom_heading text=&#8221;Organizaci\u00f3n y gesti\u00f3n de eventos educativos en l\u00ednea&#8221; font_container=&#8221;tag:h2|font_size:22|text_align:left|color:rgba(0%2C0%2C0%2C0.4)&#8221; google_fonts=&#8221;font_family:Alfa%20Slab%20One%3Aregular|font_style:400%20regular%3A400%3Anormal&#8221; css_animation=&#8221;fadeInLeft&#8221; css=&#8221;.vc_custom_1620840236179{margin-left: 50px !important;}&#8221;][vc_column_text css_animation=&#8221;fadeInLeft&#8221; css=&#8221;.vc_custom_1620840331721{margin-left: 50px !important;}&#8221;]<\/p>\n<p style=\"text-align: justify;\">Alcanzar los objetivos, la audiencia meta y evaluar el \u00e9xito de un evento de un curso, diplomado, o conferencia requiere de un gran esfuerzo y organizaci\u00f3n. Como parte de nuestro compromiso con nuestros clientes, les apoyamos en el proceso de planificaci\u00f3n, organizaci\u00f3n y sistematizaci\u00f3n de sus eventos educativos presenciales y en l\u00ednea, aportando toda nuestra experiencia, tecnolog\u00eda y equipo de trabajo.<\/p>\n<p>[\/vc_column_text][\/vc_column][\/vc_row][vc_row css=&#8221;.vc_custom_1620840289574{margin-left: 30px !important;}&#8221;][vc_column width=&#8221;1\/4&#8243;][vc_single_image image=&#8221;23895&#8243; img_size=&#8221;medium&#8221;][\/vc_column][vc_column width=&#8221;3\/4&#8243; css=&#8221;.vc_custom_1620832854031{margin-top: 50px !important;margin-bottom: 25px !important;margin-left: -50px !important;background-color: rgba(226,226,226,0.4) !important;*background-color: rgb(226,226,226) !important;}&#8221;][vc_custom_heading text=&#8221;Producci\u00f3n audiovisual y virtualizaci\u00f3n de contenidos&#8221; font_container=&#8221;tag:h2|font_size:22|text_align:left|color:rgba(0%2C0%2C0%2C0.4)&#8221; google_fonts=&#8221;font_family:Alfa%20Slab%20One%3Aregular|font_style:400%20regular%3A400%3Anormal&#8221; css_animation=&#8221;fadeInLeft&#8221; css=&#8221;.vc_custom_1620840217788{margin-left: 50px !important;}&#8221;][vc_column_text css_animation=&#8221;fadeInLeft&#8221; css=&#8221;.vc_custom_1620840341505{margin-left: 50px !important;}&#8221;]<\/p>\n<p style=\"text-align: justify;\">En la actualidad, captar y mantener la atenci\u00f3n de la audiencia, as\u00ed como, lograr los objetivos para un evento educativo o promocional, requiere de la producci\u00f3n de materiales audiovisuales y contenidos virtuales de calidad. Como parte de nuestra oferta de servicios, realizamos a partir de los objetivos trazados con los clientes, procesos de pre- producci\u00f3n, producci\u00f3n y post- producci\u00f3n de materiales audiovisuales personales y animados, para lo cual contamos con equipos especializados que garantizan la calidad de la producci\u00f3n. En el \u00e1rea de actividades para educaci\u00f3n en l\u00ednea, producimos contenidos interactivos y de gamificaci\u00f3n que aseguran el aprendizaje y mantener el inter\u00e9s de la audiencia.<\/p>\n<p>[\/vc_column_text][\/vc_column][\/vc_row][vc_row css=&#8221;.vc_custom_1620840298632{margin-left: 30px !important;}&#8221;][vc_column width=&#8221;1\/4&#8243;][vc_single_image image=&#8221;23901&#8243; img_size=&#8221;medium&#8221;][\/vc_column][vc_column width=&#8221;3\/4&#8243; css=&#8221;.vc_custom_1620832854031{margin-top: 50px !important;margin-bottom: 25px !important;margin-left: -50px !important;background-color: rgba(226,226,226,0.4) !important;*background-color: rgb(226,226,226) !important;}&#8221;][vc_custom_heading text=&#8221;Soluciones LMS (learning management system)&#8221; font_container=&#8221;tag:h2|font_size:22|text_align:left|color:rgba(0%2C0%2C0%2C0.4)&#8221; google_fonts=&#8221;font_family:Alfa%20Slab%20One%3Aregular|font_style:400%20regular%3A400%3Anormal&#8221; css_animation=&#8221;fadeInLeft&#8221; css=&#8221;.vc_custom_1620840199666{margin-left: 50px !important;}&#8221;][vc_column_text css_animation=&#8221;fadeInLeft&#8221; css=&#8221;.vc_custom_1620840389135{margin-left: 50px !important;}&#8221;]<\/p>\n<p style=\"text-align: justify;\">Como parte de nuestra oferta de servicios alojamos y administramos cursos y diplomados para instituciones p\u00fablicas, empresas y ONG&#8217;s\u00a0 en nuestra aula virtual. As\u00ed mismo, brindamos a nuestros clientes\u00a0 el servicio de instalaci\u00f3n, administraci\u00f3n y capacitaci\u00f3n sobre el uso y administraci\u00f3n de plataformas e-learning, para ello realizamos procesos de capacitaci\u00f3n y coaching sobre el manejo de las herramientas, el proceso de administraci\u00f3n y el desarrollo de cursos virtuales.<\/p>\n<p>[\/vc_column_text][\/vc_column][\/vc_row][vc_row css=&#8221;.vc_custom_1620840298632{margin-left: 30px !important;}&#8221;][vc_column width=&#8221;1\/4&#8243;][vc_single_image image=&#8221;23907&#8243; img_size=&#8221;medium&#8221;][\/vc_column][vc_column width=&#8221;3\/4&#8243; css=&#8221;.vc_custom_1620832854031{margin-top: 50px !important;margin-bottom: 25px !important;margin-left: -50px !important;background-color: rgba(226,226,226,0.4) !important;*background-color: rgb(226,226,226) !important;}&#8221;][vc_custom_heading text=&#8221;Dise\u00f1o instruccional&#8221; font_container=&#8221;tag:h2|font_size:22|text_align:left|color:rgba(0%2C0%2C0%2C0.4)&#8221; google_fonts=&#8221;font_family:Alfa%20Slab%20One%3Aregular|font_style:400%20regular%3A400%3Anormal&#8221; css_animation=&#8221;fadeInLeft&#8221; css=&#8221;.vc_custom_1620840441608{margin-left: 50px !important;}&#8221;][vc_column_text css_animation=&#8221;fadeInLeft&#8221; css=&#8221;.vc_custom_1620841793227{margin-left: 50px !important;}&#8221;]<\/p>\n<p style=\"text-align: justify;\">Un buen dise\u00f1o instruccional es la base para el \u00e9xito de cualquier proceso de aprendizaje. Como IDeAula, brindamos nuestra experiencia para construir de forma participativa las estrategias id\u00f3neas para alcanzar los objetivos de ense\u00f1anza y aprendizaje que se plantean nuestros clientes. Como parte del dise\u00f1o instruccional apoyamos en la construcci\u00f3n de las gu\u00edas o cartas did\u00e1cticas que integran los contenidos, materiales, actividades y herramientas id\u00f3neas para cumplir con los objetivos de aprendizaje y asegurando un proceso formativo estructurado y exitoso.<\/p>\n<p>[\/vc_column_text][\/vc_column][\/vc_row]<\/p>\n","protected":false},"excerpt":{"rendered":"<p>[vc_row css=&#8221;.vc_custom_1620844149296{margin-top: 30px !important;margin-bottom: 30px !important;}&#8221;][vc_column][vc_custom_heading text=&#8221;Nuestros servicios&#8221; font_container=&#8221;tag:h2|font_size:55|text_align:left|color:%23ac0a2f|line_height:1&#8243; google_fonts=&#8221;font_family:Alfa%20Slab%20One%3Aregular|font_style:400%20regular%3A400%3Anormal&#8221; css_animation=&#8221;fadeInLeft&#8221;][\/vc_column][\/vc_row][vc_row css=&#8221;.vc_custom_1620840250109{margin-left: 30px !important;}&#8221;][vc_column width=&#8221;1\/4&#8243;][vc_single_image image=&#8221;23874&#8243; img_size=&#8221;medium&#8221;][\/vc_column][vc_column width=&#8221;3\/4&#8243; css=&#8221;.vc_custom_1620832854031{margin-top: 50px&#8230;<\/p>\n","protected":false},"author":3,"featured_media":0,"parent":0,"menu_order":0,"comment_status":"closed","ping_status":"closed","template":"","meta":{"_acf_changed":false,"footnotes":""},"class_list":["post-23845","page","type-page","status-publish"],"translation":{"provider":"WPGlobus","version":"3.0.0","language":"fr","enabled_languages":["es","en","fr"],"languages":{"es":{"title":true,"content":true,"excerpt":false},"en":{"title":false,"content":false,"excerpt":false},"fr":{"title":false,"content":false,"excerpt":false}}},"acf":[],"_links":{"self":[{"href":"https:\/\/www.ideaula.com\/fr\/wp-json\/wp\/v2\/pages\/23845","targetHints":{"allow":["GET"]}}],"collection":[{"href":"https:\/\/www.ideaula.com\/fr\/wp-json\/wp\/v2\/pages"}],"about":[{"href":"https:\/\/www.ideaula.com\/fr\/wp-json\/wp\/v2\/types\/page"}],"author":[{"embeddable":true,"href":"https:\/\/www.ideaula.com\/fr\/wp-json\/wp\/v2\/users\/3"}],"replies":[{"embeddable":true,"href":"https:\/\/www.ideaula.com\/fr\/wp-json\/wp\/v2\/comments?post=23845"}],"version-history":[{"count":2,"href":"https:\/\/www.ideaula.com\/fr\/wp-json\/wp\/v2\/pages\/23845\/revisions"}],"predecessor-version":[{"id":24967,"href":"https:\/\/www.ideaula.com\/fr\/wp-json\/wp\/v2\/pages\/23845\/revisions\/24967"}],"wp:attachment":[{"href":"https:\/\/www.ideaula.com\/fr\/wp-json\/wp\/v2\/media?parent=23845"}],"curies":[{"name":"wp","href":"https:\/\/api.w.org\/{rel}","templated":true}]}}